{"id":91,"date":"2017-03-12T18:48:45","date_gmt":"2017-03-12T18:48:45","guid":{"rendered":"http:\/\/sonne-leidringen.de\/?page_id=91"},"modified":"2024-02-04T09:26:52","modified_gmt":"2024-02-04T09:26:52","slug":"reservierungen","status":"publish","type":"page","link":"http:\/\/sonne-leidringen.de\/?page_id=91","title":{"rendered":"Reservierung und Fragen"},"content":{"rendered":"<p>Hier k\u00f6nnen Sie bequem eine Anfrage auf Reservierung abgeben. Wir werden die Anfrage schnellstm\u00f6glich bearbeiten und Ihnen per Mail eine Best\u00e4tigung zukommen lassen.<\/p>\n<p>Wahlweise k\u00f6nnen Sie auch unter 07428\/2715 telefonisch reservieren.<\/p>\n<p>Sie k\u00f6nnen dieses Formular auch f\u00fcr diverse andere Fragen benutzen<\/p>\n<div role=\"form\" class=\"wpcf7\" id=\"wpcf7-f92-o1\" lang=\"de-DE\" dir=\"ltr\">\n<div class=\"screen-reader-response\"><\/div>\n<form action=\"\/index.php?rest_route=%2Fwp%2Fv2%2Fpages%2F91#wpcf7-f92-o1\" method=\"post\" class=\"wpcf7-form\" novalidate=\"novalidate\">\n<div style=\"display: none;\">\n<input type=\"hidden\" name=\"_wpcf7\" value=\"92\" \/>\n<input type=\"hidden\" name=\"_wpcf7_version\" value=\"5.1.3\" \/>\n<input type=\"hidden\" name=\"_wpcf7_locale\" value=\"de_DE\" \/>\n<input type=\"hidden\" name=\"_wpcf7_unit_tag\" value=\"wpcf7-f92-o1\" \/>\n<input type=\"hidden\" name=\"_wpcf7_container_post\" value=\"0\" \/>\n<\/div>\n<p><label> Ihr Name (Pflichtfeld)<br \/>\n    <span class=\"wpcf7-form-control-wrap your-name\"><input type=\"text\" name=\"your-name\" value=\"\" size=\"40\" class=\"wpcf7-form-control wpcf7-text wpcf7-validates-as-required\" aria-required=\"true\" aria-invalid=\"false\" \/><\/span> <\/label><\/p>\n<p><label> Ihre E-Mail-Adresse (Pflichtfeld)<br \/>\n    <span class=\"wpcf7-form-control-wrap your-email\"><input type=\"email\" name=\"your-email\" value=\"\" size=\"40\" class=\"wpcf7-form-control wpcf7-text wpcf7-email wpcf7-validates-as-required wpcf7-validates-as-email\" aria-required=\"true\" aria-invalid=\"false\" \/><\/span> <\/label><\/p>\n<p><label> Personenzahl<br \/>\n<span class=\"wpcf7-form-control-wrap number-Personenzahl\"><input type=\"number\" name=\"number-Personenzahl\" value=\"\" class=\"wpcf7-form-control wpcf7-number wpcf7-validates-as-required wpcf7-validates-as-number\" min=\"1\" aria-required=\"true\" aria-invalid=\"false\" placeholder=\"F\u00fcr wie viele Personen m\u00f6chten Sie reservieren?\" \/><\/span><\/label><\/p>\n<p><label> Datum<br \/>\n<span class=\"wpcf7-form-control-wrap text-datum\"><input type=\"text\" name=\"text-datum\" value=\"\" size=\"40\" class=\"wpcf7-form-control wpcf7-text wpcf7-validates-as-required\" aria-required=\"true\" aria-invalid=\"false\" \/><\/span><\/label><\/p>\n<p><label> Uhrzeit<br \/>\n<span class=\"wpcf7-form-control-wrap text-uhrzeit\"><input type=\"text\" name=\"text-uhrzeit\" value=\"\" size=\"40\" class=\"wpcf7-form-control wpcf7-text\" aria-invalid=\"false\" \/><\/span> <\/label><\/p>\n<p><label> Ihre Nachricht<br \/>\n    <span class=\"wpcf7-form-control-wrap your-message\"><textarea name=\"your-message\" cols=\"40\" rows=\"10\" class=\"wpcf7-form-control wpcf7-textarea\" aria-invalid=\"false\"><\/textarea><\/span> <\/label><\/p>\n<p><input type=\"submit\" value=\"Senden\" class=\"wpcf7-form-control wpcf7-submit\" \/><\/p>\n<div class=\"wpcf7-response-output wpcf7-display-none\"><\/div><\/form><\/div>\n","protected":false},"excerpt":{"rendered":"<div class=\"mh-excerpt\"><p>Hier k&ouml;nnen Sie bequem eine Anfrage auf Reservierung abgeben. Wir werden die Anfrage schnellstm&ouml;glich bearbeiten und Ihnen per Mail eine Best&auml;tigung zukommen lassen. Wahlweise k&ouml;nnen <a class=\"mh-excerpt-more\" href=\"http:\/\/sonne-leidringen.de\/?page_id=91\" title=\"Reservierung und Fragen\">[&#8230;]<\/a><\/p>\n<\/div>","protected":false},"author":1,"featured_media":0,"parent":0,"menu_order":30,"comment_status":"closed","ping_status":"closed","template":"","meta":[],"_links":{"self":[{"href":"http:\/\/sonne-leidringen.de\/index.php?rest_route=\/wp\/v2\/pages\/91"}],"collection":[{"href":"http:\/\/sonne-leidringen.de\/index.php?rest_route=\/wp\/v2\/pages"}],"about":[{"href":"http:\/\/sonne-leidringen.de\/index.php?rest_route=\/wp\/v2\/types\/page"}],"author":[{"embeddable":true,"href":"http:\/\/sonne-leidringen.de\/index.php?rest_route=\/wp\/v2\/users\/1"}],"replies":[{"embeddable":true,"href":"http:\/\/sonne-leidringen.de\/index.php?rest_route=%2Fwp%2Fv2%2Fcomments&post=91"}],"version-history":[{"count":9,"href":"http:\/\/sonne-leidringen.de\/index.php?rest_route=\/wp\/v2\/pages\/91\/revisions"}],"predecessor-version":[{"id":320,"href":"http:\/\/sonne-leidringen.de\/index.php?rest_route=\/wp\/v2\/pages\/91\/revisions\/320"}],"wp:attachment":[{"href":"http:\/\/sonne-leidringen.de\/index.php?rest_route=%2Fwp%2Fv2%2Fmedia&parent=91"}],"curies":[{"name":"wp","href":"https:\/\/api.w.org\/{rel}","templated":true}]}}